{"id":13205,"date":"2025-12-22T08:42:36","date_gmt":"2025-12-22T07:42:36","guid":{"rendered":"https:\/\/dev.enable-asia.de\/?page_id=13205"},"modified":"2026-04-02T04:41:38","modified_gmt":"2026-04-02T02:41:38","slug":"imprint","status":"publish","type":"page","link":"https:\/\/enable-asia.de\/en\/imprint\/","title":{"rendered":"Imprint"},"content":{"rendered":"<div data-elementor-type=\"wp-page\" data-elementor-id=\"13205\" class=\"elementor elementor-13205\" data-elementor-post-type=\"page\">\n\t\t\t\t<div class=\"elementor-element elementor-element-c22c728 e-con-full e-flex e-con e-parent\" data-id=\"c22c728\" data-element_type=\"container\" data-e-type=\"container\" data-settings=\"{&quot;background_background&quot;:&quot;classic&quot;}\">\n\t\t<div class=\"elementor-element elementor-element-fe28ed5 e-con-full e-flex e-con e-child\" data-id=\"fe28ed5\" data-element_type=\"container\" data-e-type=\"container\" data-settings=\"{&quot;background_background&quot;:&quot;classic&quot;}\">\n\t\t\t\t<div class=\"elementor-element elementor-element-4f3cfce elementor-widget elementor-widget-heading\" data-id=\"4f3cfce\" data-element_type=\"widget\" data-e-type=\"widget\" data-widget_type=\"heading.default\">\n\t\t\t\t<div class=\"elementor-widget-container\">\n\t\t\t\t\t<h1 class=\"elementor-heading-title elementor-size-default\">Imprint<\/h1>\t\t\t\t<\/div>\n\t\t\t\t<\/div>\n\t\t\t\t<\/div>\n\t\t\t\t<\/div>\n\t\t<div class=\"elementor-element elementor-element-41b290f e-con-full e-flex e-con e-parent\" data-id=\"41b290f\" data-element_type=\"container\" data-e-type=\"container\" data-settings=\"{&quot;background_background&quot;:&quot;classic&quot;}\">\n\t\t\t\t<div class=\"elementor-element elementor-element-f383655 elementor-widget elementor-widget-text-editor\" data-id=\"f383655\" data-element_type=\"widget\" data-e-type=\"widget\" data-widget_type=\"text-editor.default\">\n\t\t\t\t<div class=\"elementor-widget-container\">\n\t\t\t\t\t\t\t\t\t<p>C. Melchers GmbH &amp; Co. KG<br \/>Schlachte 39\/40<br \/>28195 Bremen<br \/><span class=\"TextRun SCXW241584069 BCX8\" lang=\"EN-GB\" xml:lang=\"EN-GB\" data-contrast=\"auto\"><span class=\"NormalTextRun SCXW241584069 BCX8\">Germany<\/span><\/span><\/p><p><span class=\"TextRun SCXW95387874 BCX8\" lang=\"EN-GB\" xml:lang=\"EN-GB\" data-contrast=\"auto\"><span class=\"NormalTextRun SpellingErrorV2Themed SCXW95387874 BCX8\">Phone<\/span><\/span>: +49 421 1769 0<br \/>Fax: +49 421 1769 3401<br \/>E-Mail: <a title=\"E-Mail\" href=\"mailto:%69%6E%66%6F%40%6D%65%6C%63%68%65%72%73%2E%64%65\">info@melchers.de<\/a><\/p><p>Based in Bremen <br \/>Local court Bremen, HRA 10118 <br \/>VAT: DE 114396160<\/p><p>Personally liable partner: <br \/>Melchers Management GmbH<br \/>Based in Bremen <br \/>Local court Bremen, HRB 7337<\/p><p>Managing Partners: <br \/>Nicolas C. S. Helms <br \/>Dirk S\u00e4nger<br \/>Anton Melchers <br \/>Dr. Andreas Holzh\u00fcter<\/p><p>Disclaimer:<br \/>Information on this website, including links that let you access other websites, are provided without warranty of any kind. It may contain inaccuracies or typographical errors. Information may be changed or updated without notice.<\/p>\t\t\t\t\t\t\t\t<\/div>\n\t\t\t\t<\/div>\n\t\t\t\t<\/div>\n\t\t\t\t<\/div>","protected":false},"excerpt":{"rendered":"<p>Impressum C. Melchers GmbH &amp; Co. KGSchlachte 39\/4028195 BremenDeutschland Telefon: +49 421 1769 0Fax: +49 421 1769 3401E-Mail: info@melchers.de Sitz: Bremen Amtsgericht Bremen, HRA 10118 USt\u2011ID: DE 114396160 Pers\u00f6nlich haftende Gesellschafterin: Melchers Management GmbHSitz: Bremen Amtsgericht Bremen, HRB 7337 Gesch\u00e4ftsf\u00fchrer: Nicolas C. S. Helms Dirk S\u00e4ngerAnton Melchers Dr. Andreas Holzh\u00fcter HaftungsausschlussDie Informationen auf dieser Website, [&hellip;]<\/p>\n","protected":false},"author":9,"featured_media":0,"parent":0,"menu_order":0,"comment_status":"closed","ping_status":"closed","template":"","meta":{"_acf_changed":false,"footnotes":""},"class_list":["post-13205","page","type-page","status-publish","hentry"],"acf":[],"yoast_head":"<!-- This site is optimized with the Yoast SEO plugin v27.4 - https:\/\/yoast.com\/product\/yoast-seo-wordpress\/ -->\n<title>Impressum\u202f| Enable Asia - Melchers<\/title>\n<meta name=\"description\" content=\"Impressum\u202f|\u202fRechtliche Hinweise\u202f|\u202fC. Melchers GmbH &amp; Co. KG\u202f| Kontaktdaten\u202f|\u202fUSt\u2011Nummer\u202f|\u202fGesch\u00e4ftsf\u00fchrung \u25b7 Rechtliche Informationen lesen\" \/>\n<meta name=\"robots\" content=\"index, follow, max-snippet:-1, max-image-preview:large, max-video-preview:-1\" \/>\n<link rel=\"canonical\" href=\"https:\/\/enable-asia.de\/en\/imprint\/\" \/>\n<meta property=\"og:locale\" content=\"en_GB\" \/>\n<meta property=\"og:type\" content=\"article\" \/>\n<meta property=\"og:title\" content=\"Impressum\u202f| Enable Asia - Melchers\" \/>\n<meta property=\"og:description\" content=\"Impressum\u202f|\u202fRechtliche Hinweise\u202f|\u202fC. Melchers GmbH &amp; Co. KG\u202f| Kontaktdaten\u202f|\u202fUSt\u2011Nummer\u202f|\u202fGesch\u00e4ftsf\u00fchrung \u25b7 Rechtliche Informationen lesen\" \/>\n<meta property=\"og:url\" content=\"https:\/\/enable-asia.de\/en\/imprint\/\" \/>\n<meta property=\"og:site_name\" content=\"Enable Asia | Melchers\" \/>\n<meta property=\"article:modified_time\" content=\"2026-04-02T02:41:38+00:00\" \/>\n<meta name=\"twitter:card\" content=\"summary_large_image\" \/>\n<meta name=\"twitter:label1\" content=\"Estimated reading time\" \/>\n\t<meta name=\"twitter:data1\" content=\"1 minute\" \/>\n<script type=\"application\/ld+json\" class=\"yoast-schema-graph\">{\"@context\":\"https:\\\/\\\/schema.org\",\"@graph\":[{\"@type\":\"WebPage\",\"@id\":\"https:\\\/\\\/enable-asia.de\\\/en\\\/imprint\\\/\",\"url\":\"https:\\\/\\\/enable-asia.de\\\/en\\\/imprint\\\/\",\"name\":\"Impressum\u202f| Enable Asia - Melchers\",\"isPartOf\":{\"@id\":\"https:\\\/\\\/enable-asia.de\\\/#website\"},\"datePublished\":\"2025-12-22T07:42:36+00:00\",\"dateModified\":\"2026-04-02T02:41:38+00:00\",\"description\":\"Impressum\u202f|\u202fRechtliche Hinweise\u202f|\u202fC. Melchers GmbH & Co. KG\u202f| Kontaktdaten\u202f|\u202fUSt\u2011Nummer\u202f|\u202fGesch\u00e4ftsf\u00fchrung \u25b7 Rechtliche Informationen lesen\",\"breadcrumb\":{\"@id\":\"https:\\\/\\\/enable-asia.de\\\/en\\\/imprint\\\/#breadcrumb\"},\"inLanguage\":\"en-GB\",\"potentialAction\":[{\"@type\":\"ReadAction\",\"target\":[\"https:\\\/\\\/enable-asia.de\\\/en\\\/imprint\\\/\"]}]},{\"@type\":\"BreadcrumbList\",\"@id\":\"https:\\\/\\\/enable-asia.de\\\/en\\\/imprint\\\/#breadcrumb\",\"itemListElement\":[{\"@type\":\"ListItem\",\"position\":1,\"name\":\"Home\",\"item\":\"https:\\\/\\\/enable-asia.de\\\/\"},{\"@type\":\"ListItem\",\"position\":2,\"name\":\"Imprint\"}]},{\"@type\":\"WebSite\",\"@id\":\"https:\\\/\\\/enable-asia.de\\\/#website\",\"url\":\"https:\\\/\\\/enable-asia.de\\\/\",\"name\":\"Enable Asia | Melchers\",\"description\":\"\",\"publisher\":{\"@id\":\"https:\\\/\\\/enable-asia.de\\\/#organization\"},\"potentialAction\":[{\"@type\":\"SearchAction\",\"target\":{\"@type\":\"EntryPoint\",\"urlTemplate\":\"https:\\\/\\\/enable-asia.de\\\/?s={search_term_string}\"},\"query-input\":{\"@type\":\"PropertyValueSpecification\",\"valueRequired\":true,\"valueName\":\"search_term_string\"}}],\"inLanguage\":\"en-GB\"},{\"@type\":\"Organization\",\"@id\":\"https:\\\/\\\/enable-asia.de\\\/#organization\",\"name\":\"Enable Asia | Melchers\",\"url\":\"https:\\\/\\\/enable-asia.de\\\/\",\"logo\":{\"@type\":\"ImageObject\",\"inLanguage\":\"en-GB\",\"@id\":\"https:\\\/\\\/enable-asia.de\\\/#\\\/schema\\\/logo\\\/image\\\/\",\"url\":\"https:\\\/\\\/enable-asia.de\\\/wp-content\\\/uploads\\\/2025\\\/05\\\/cropped-Melchers_Logo_2021_RGB_RZ.png\",\"contentUrl\":\"https:\\\/\\\/enable-asia.de\\\/wp-content\\\/uploads\\\/2025\\\/05\\\/cropped-Melchers_Logo_2021_RGB_RZ.png\",\"width\":1000,\"height\":410,\"caption\":\"Enable Asia | Melchers\"},\"image\":{\"@id\":\"https:\\\/\\\/enable-asia.de\\\/#\\\/schema\\\/logo\\\/image\\\/\"}}]}<\/script>\n<!-- \/ Yoast SEO plugin. -->","yoast_head_json":{"title":"Imprint | Enable Asia - Melchers","description":"Imprint | Legal notice | C. Melchers GmbH &amp; Co. KG | Contact details | VAT number | Managing partners \u25b7 Read legal information","robots":{"index":"index","follow":"follow","max-snippet":"max-snippet:-1","max-image-preview":"max-image-preview:large","max-video-preview":"max-video-preview:-1"},"canonical":"https:\/\/enable-asia.de\/en\/imprint\/","og_locale":"en_GB","og_type":"article","og_title":"Impressum\u202f| Enable Asia - Melchers","og_description":"Impressum\u202f|\u202fRechtliche Hinweise\u202f|\u202fC. Melchers GmbH & Co. KG\u202f| Kontaktdaten\u202f|\u202fUSt\u2011Nummer\u202f|\u202fGesch\u00e4ftsf\u00fchrung \u25b7 Rechtliche Informationen lesen","og_url":"https:\/\/enable-asia.de\/en\/imprint\/","og_site_name":"Enable Asia | Melchers","article_modified_time":"2026-04-02T02:41:38+00:00","twitter_card":"summary_large_image","twitter_misc":{"Estimated reading time":"1 minute"},"schema":{"@context":"https:\/\/schema.org","@graph":[{"@type":"WebPage","@id":"https:\/\/enable-asia.de\/en\/imprint\/","url":"https:\/\/enable-asia.de\/en\/imprint\/","name":"Imprint | Enable Asia - Melchers","isPartOf":{"@id":"https:\/\/enable-asia.de\/#website"},"datePublished":"2025-12-22T07:42:36+00:00","dateModified":"2026-04-02T02:41:38+00:00","description":"Imprint | Legal notice | C. Melchers GmbH &amp; Co. KG | Contact details | VAT number | Managing partners \u25b7 Read legal information","breadcrumb":{"@id":"https:\/\/enable-asia.de\/en\/imprint\/#breadcrumb"},"inLanguage":"en-GB","potentialAction":[{"@type":"ReadAction","target":["https:\/\/enable-asia.de\/en\/imprint\/"]}]},{"@type":"BreadcrumbList","@id":"https:\/\/enable-asia.de\/en\/imprint\/#breadcrumb","itemListElement":[{"@type":"ListItem","position":1,"name":"Home","item":"https:\/\/enable-asia.de\/"},{"@type":"ListItem","position":2,"name":"Imprint"}]},{"@type":"WebSite","@id":"https:\/\/enable-asia.de\/#website","url":"https:\/\/enable-asia.de\/","name":"Enable Asia | Melchers","description":"","publisher":{"@id":"https:\/\/enable-asia.de\/#organization"},"potentialAction":[{"@type":"SearchAction","target":{"@type":"EntryPoint","urlTemplate":"https:\/\/enable-asia.de\/?s={search_term_string}"},"query-input":{"@type":"PropertyValueSpecification","valueRequired":true,"valueName":"search_term_string"}}],"inLanguage":"en-GB"},{"@type":"Organization","@id":"https:\/\/enable-asia.de\/#organization","name":"Enable Asia | Melchers","url":"https:\/\/enable-asia.de\/","logo":{"@type":"ImageObject","inLanguage":"en-GB","@id":"https:\/\/enable-asia.de\/#\/schema\/logo\/image\/","url":"https:\/\/enable-asia.de\/wp-content\/uploads\/2025\/05\/cropped-Melchers_Logo_2021_RGB_RZ.png","contentUrl":"https:\/\/enable-asia.de\/wp-content\/uploads\/2025\/05\/cropped-Melchers_Logo_2021_RGB_RZ.png","width":1000,"height":410,"caption":"Enable Asia | Melchers"},"image":{"@id":"https:\/\/enable-asia.de\/#\/schema\/logo\/image\/"}}]}},"_links":{"self":[{"href":"https:\/\/enable-asia.de\/en\/wp-json\/wp\/v2\/pages\/13205","targetHints":{"allow":["GET"]}}],"collection":[{"href":"https:\/\/enable-asia.de\/en\/wp-json\/wp\/v2\/pages"}],"about":[{"href":"https:\/\/enable-asia.de\/en\/wp-json\/wp\/v2\/types\/page"}],"author":[{"embeddable":true,"href":"https:\/\/enable-asia.de\/en\/wp-json\/wp\/v2\/users\/9"}],"replies":[{"embeddable":true,"href":"https:\/\/enable-asia.de\/en\/wp-json\/wp\/v2\/comments?post=13205"}],"version-history":[{"count":23,"href":"https:\/\/enable-asia.de\/en\/wp-json\/wp\/v2\/pages\/13205\/revisions"}],"predecessor-version":[{"id":16966,"href":"https:\/\/enable-asia.de\/en\/wp-json\/wp\/v2\/pages\/13205\/revisions\/16966"}],"wp:attachment":[{"href":"https:\/\/enable-asia.de\/en\/wp-json\/wp\/v2\/media?parent=13205"}],"curies":[{"name":"wp","href":"https:\/\/api.w.org\/{rel}","templated":true}]}}