{"id":13231,"date":"2025-12-22T08:52:03","date_gmt":"2025-12-22T07:52:03","guid":{"rendered":"https:\/\/dev.enable-asia.de\/?page_id=13231"},"modified":"2026-04-07T08:18:56","modified_gmt":"2026-04-07T06:18:56","slug":"contact","status":"publish","type":"page","link":"https:\/\/enable-asia.de\/en\/contact\/","title":{"rendered":"Contact"},"content":{"rendered":"\t\t<div data-elementor-type=\"wp-page\" data-elementor-id=\"13231\" class=\"elementor elementor-13231\" data-elementor-post-type=\"page\">\n\t\t\t\t<div class=\"elementor-element elementor-element-8fa5e62 e-con-full e-flex e-con e-parent\" data-id=\"8fa5e62\" data-element_type=\"container\" data-e-type=\"container\" data-settings=\"{&quot;background_background&quot;:&quot;classic&quot;}\">\n\t\t<div class=\"elementor-element elementor-element-6a39db0 e-con-full e-flex e-con e-child\" data-id=\"6a39db0\" data-element_type=\"container\" data-e-type=\"container\" data-settings=\"{&quot;background_background&quot;:&quot;classic&quot;}\">\n\t\t\t\t<div class=\"elementor-element elementor-element-2c1a8b9 elementor-widget elementor-widget-heading\" data-id=\"2c1a8b9\" data-element_type=\"widget\" data-e-type=\"widget\" data-widget_type=\"heading.default\">\n\t\t\t\t<div class=\"elementor-widget-container\">\n\t\t\t\t\t<h1 class=\"elementor-heading-title elementor-size-default\">Kontakt<\/h1>\t\t\t\t<\/div>\n\t\t\t\t<\/div>\n\t\t\t\t<\/div>\n\t\t\t\t<\/div>\n\t\t<div class=\"elementor-element elementor-element-ef4711d e-con-full e-flex e-con e-parent\" data-id=\"ef4711d\" data-element_type=\"container\" data-e-type=\"container\">\n\t\t\t\t<div class=\"elementor-element elementor-element-2599a56 elementor-widget elementor-widget-text-editor\" data-id=\"2599a56\" data-element_type=\"widget\" data-e-type=\"widget\" data-widget_type=\"text-editor.default\">\n\t\t\t\t<div class=\"elementor-widget-container\">\n\t\t\t\t\t\t\t\t\t<div id=\"V99cAvymKXjGFXYE1Aw1s-content-0\"><p><span data-contrast=\"auto\">Unternehmen aus der DACH\u2011Region sowie europ\u00e4ische KMU und Konzerne, die einen Markteintritt in Asien planen oder ihre bestehende Pr\u00e4senz ausbauen m\u00f6chten, profitieren von den Business\u2011Advisory\u2011Services von Melchers. Unsere erfahrenen Teams verbinden regulatorische Expertise, kaufm\u00e4nnisches Know\u2011how und kulturelles Verst\u00e4ndnis, um marktorientierte und regelkonforme Strategien zu entwickeln.<\/span><span data-ccp-props=\"{&quot;134233117&quot;:false,&quot;134233118&quot;:false,&quot;201341983&quot;:0,&quot;335559738&quot;:0,&quot;335559739&quot;:0,&quot;335559740&quot;:300}\">\u00a0<\/span><\/p><p><span data-contrast=\"auto\">Zu Beginn kl\u00e4ren wir gemeinsam Ihre Gesch\u00e4ftsziele und bewerten die Marktreife Ihres Vorhabens. Darauf aufbauend definieren wir den effizientesten und realistischsten Weg in den Zielmarkt \u2013 mit dem Ziel, Risiken zu reduzieren und langfristigen Erfolg zu erm\u00f6glichen.<\/span><span data-ccp-props=\"{&quot;134233117&quot;:false,&quot;134233118&quot;:false,&quot;201341983&quot;:0,&quot;335559738&quot;:0,&quot;335559739&quot;:0,&quot;335559740&quot;:300}\">\u00a0<\/span><\/p><p><span data-contrast=\"auto\">Das Melchers\u2011Leistungsportfolio umfasst unter anderem Marktvalidierung, Produktsourcing, Distributionsmanagement, Marketing sowie umfassenden After\u2011Sales\u2011Support. Durch unser etabliertes Netzwerk und lokale Teams liefern wir umsetzbare Handlungsempfehlungen, die auf realen Marktbedingungen basieren.<\/span><span data-ccp-props=\"{&quot;134233117&quot;:false,&quot;134233118&quot;:false,&quot;201341983&quot;:0,&quot;335559738&quot;:0,&quot;335559739&quot;:0,&quot;335559740&quot;:300}\">\u00a0<\/span><\/p><p><span data-contrast=\"auto\">Eine\u00a0fr\u00fchzeitige\u00a0Einbindung\u00a0von Melchers\u00a0erm\u00f6glicht\u00a0es Ihnen,<\/span><span data-ccp-props=\"{&quot;134233117&quot;:false,&quot;134233118&quot;:false,&quot;201341983&quot;:0,&quot;335559738&quot;:0,&quot;335559739&quot;:0,&quot;335559740&quot;:300}\">\u00a0<\/span><\/p><ul><li><span data-contrast=\"auto\">Risiken gezielt zu minimieren<\/span><\/li><li><span data-contrast=\"auto\">Markteintritts\u2011 und Skalierungszeitr\u00e4ume zu verk\u00fcrzen<\/span><\/li><li><span data-contrast=\"auto\">belastbare, skalierbare Strategien f\u00fcr nachhaltiges Wachstum aufzubauen<\/span><\/li><\/ul><p><span data-contrast=\"auto\"><br \/>Vereinbaren Sie ein virtuelles Gespr\u00e4ch mit einem Melchers\u2011Experten oder senden Sie uns Ihre Anfrage \u00fcber das nachstehende Formular.<\/span><\/p><\/div>\t\t\t\t\t\t\t\t<\/div>\n\t\t\t\t<\/div>\n\t\t\t\t<div class=\"elementor-element elementor-element-104914e elementor-mobile-align-left elementor-widget elementor-widget-button\" data-id=\"104914e\" data-element_type=\"widget\" data-e-type=\"widget\" data-widget_type=\"button.default\">\n\t\t\t\t<div class=\"elementor-widget-container\">\n\t\t\t\t\t\t\t\t\t<div class=\"elementor-button-wrapper\">\n\t\t\t\t\t<a class=\"elementor-button elementor-button-link elementor-size-sm\" href=\"https:\/\/outlook.office.com\/book\/EnableAsiaMelchers@melchers.de\/?ismsaljsauthenabled\" target=\"_blank\">\n\t\t\t\t\t\t<span class=\"elementor-button-content-wrapper\">\n\t\t\t\t\t\t\t\t\t<span class=\"elementor-button-text\">Kostenlose Beratung buchen <\/span>\n\t\t\t\t\t<\/span>\n\t\t\t\t\t<\/a>\n\t\t\t\t<\/div>\n\t\t\t\t\t\t\t\t<\/div>\n\t\t\t\t<\/div>\n\t\t<div class=\"elementor-element elementor-element-f74e015 e-con-full e-flex e-con e-child\" data-id=\"f74e015\" data-element_type=\"container\" data-e-type=\"container\">\n\t\t\t\t<div class=\"elementor-element elementor-element-1d9fd3a elementor-widget__width-initial elementor-widget-tablet__width-inherit elementor-button-align-stretch elementor-widget elementor-widget-form\" data-id=\"1d9fd3a\" data-element_type=\"widget\" data-e-type=\"widget\" data-settings=\"{&quot;step_next_label&quot;:&quot;Next&quot;,&quot;step_previous_label&quot;:&quot;Previous&quot;,&quot;button_width&quot;:&quot;100&quot;,&quot;step_type&quot;:&quot;number_text&quot;,&quot;step_icon_shape&quot;:&quot;circle&quot;}\" data-widget_type=\"form.default\">\n\t\t\t\t<div class=\"elementor-widget-container\">\n\t\t\t\t\t\t\t<form class=\"elementor-form\" method=\"post\" name=\"Contact Form\" aria-label=\"Contact Form\">\n\t\t\t<input type=\"hidden\" name=\"post_id\" value=\"13231\"\/>\n\t\t\t<input type=\"hidden\" name=\"form_id\" value=\"1d9fd3a\"\/>\n\t\t\t<input type=\"hidden\" name=\"referer_title\" value=\"Enable Asia | Melchers\" \/>\n\n\t\t\t\n\t\t\t<div class=\"elementor-form-fields-wrapper elementor-labels-\">\n\t\t\t\t\t\t\t\t<div class=\"elementor-field-type-text elementor-field-group elementor-column elementor-field-group-name elementor-col-100\">\n\t\t\t\t\t\t\t\t\t\t\t\t<label for=\"form-field-name\" class=\"elementor-field-label elementor-screen-only\">\n\t\t\t\t\t\t\t\tName\t\t\t\t\t\t\t<\/label>\n\t\t\t\t\t\t\t\t\t\t\t\t\t\t<input size=\"1\" type=\"text\" name=\"form_fields[name]\" id=\"form-field-name\" class=\"elementor-field elementor-size-sm  elementor-field-textual\" placeholder=\"Name\">\n\t\t\t\t\t\t\t\t\t\t\t<\/div>\n\t\t\t\t\t\t\t\t<div class=\"elementor-field-type-email elementor-field-group elementor-column elementor-field-group-email elementor-col-100 elementor-field-required\">\n\t\t\t\t\t\t\t\t\t\t\t\t<label for=\"form-field-email\" class=\"elementor-field-label elementor-screen-only\">\n\t\t\t\t\t\t\t\tE-Mail\t\t\t\t\t\t\t<\/label>\n\t\t\t\t\t\t\t\t\t\t\t\t\t\t<input size=\"1\" type=\"email\" name=\"form_fields[email]\" id=\"form-field-email\" class=\"elementor-field elementor-size-sm  elementor-field-textual\" placeholder=\"E-Mail\" required=\"required\">\n\t\t\t\t\t\t\t\t\t\t\t<\/div>\n\t\t\t\t\t\t\t\t<div class=\"elementor-field-type-text elementor-field-group elementor-column elementor-field-group-field_8f73f92 elementor-col-100 elementor-field-required\">\n\t\t\t\t\t\t\t\t\t\t\t\t<label for=\"form-field-field_8f73f92\" class=\"elementor-field-label elementor-screen-only\">\n\t\t\t\t\t\t\t\tInteressensstandort\/\u2011standorte\t\t\t\t\t\t\t<\/label>\n\t\t\t\t\t\t\t\t\t\t\t\t\t\t<input size=\"1\" type=\"text\" name=\"form_fields[field_8f73f92]\" id=\"form-field-field_8f73f92\" class=\"elementor-field elementor-size-sm  elementor-field-textual\" placeholder=\"Interessensstandort\/\u2011standorte\" required=\"required\">\n\t\t\t\t\t\t\t\t\t\t\t<\/div>\n\t\t\t\t\t\t\t\t<div class=\"elementor-field-type-textarea elementor-field-group elementor-column elementor-field-group-message elementor-col-100\">\n\t\t\t\t\t\t\t\t\t\t\t\t<label for=\"form-field-message\" class=\"elementor-field-label elementor-screen-only\">\n\t\t\t\t\t\t\t\tNachricht\t\t\t\t\t\t\t<\/label>\n\t\t\t\t\t\t<textarea class=\"elementor-field-textual elementor-field  elementor-size-sm\" name=\"form_fields[message]\" id=\"form-field-message\" rows=\"4\" placeholder=\"Nachricht\"><\/textarea>\t\t\t\t<\/div>\n\t\t\t\t\t\t\t\t<div class=\"elementor-field-type-recaptcha_v3 elementor-field-group elementor-column elementor-field-group-field_97e9fb7 elementor-col-100 recaptcha_v3-inline\">\n\t\t\t\t\t<div class=\"elementor-field\" id=\"form-field-field_97e9fb7\"><div class=\"elementor-g-recaptcha\" data-sitekey=\"6LcZkaQsAAAAACUtYCdOFAimBn6YMQUSsefWJHhI\" data-type=\"v3\" data-action=\"Form\" data-badge=\"inline\" data-size=\"invisible\"><\/div><\/div>\t\t\t\t<\/div>\n\t\t\t\t\t\t\t\t<div class=\"elementor-field-group elementor-column elementor-field-type-submit elementor-col-100 e-form__buttons\">\n\t\t\t\t\t<button class=\"elementor-button elementor-size-sm\" type=\"submit\">\n\t\t\t\t\t\t<span class=\"elementor-button-content-wrapper\">\n\t\t\t\t\t\t\t\t\t\t\t\t\t\t\t\t\t\t\t\t\t\t<span class=\"elementor-button-text\">Senden<\/span>\n\t\t\t\t\t\t\t\t\t\t\t\t\t<\/span>\n\t\t\t\t\t<\/button>\n\t\t\t\t<\/div>\n\t\t\t<\/div>\n\t\t<\/form>\n\t\t\t\t\t\t<\/div>\n\t\t\t\t<\/div>\n\t\t\t\t<div class=\"elementor-element elementor-element-c84693e elementor-widget elementor-widget-text-editor\" data-id=\"c84693e\" data-element_type=\"widget\" data-e-type=\"widget\" data-widget_type=\"text-editor.default\">\n\t\t\t\t<div class=\"elementor-widget-container\">\n\t\t\t\t\t\t\t\t\t<p>Alternativ k\u00f6nnen Sie uns auch direkt kontaktieren:<\/p><p><span class=\"TextRun SCXW168623914 BCX8\" lang=\"EN-GB\" xml:lang=\"EN-GB\" data-contrast=\"auto\"><span class=\"NormalTextRun SpellingErrorV2Themed SCXW168623914 BCX8\">Telefon<\/span><\/span>: <a href=\"tel:4942117690\">+49 421 1769 0<\/a><br \/>E-Mail: <a href=\"mailto:contact@melchers.de\">contact@melchers.de<\/a><\/p><p>C. Melchers GmbH &amp; Co. KG<br \/>Schlachte 39\/40<br \/>28195 Bremen, <span class=\"TextRun SCXW147675025 BCX8\" lang=\"EN-GB\" xml:lang=\"EN-GB\" data-contrast=\"auto\"><span class=\"NormalTextRun SCXW147675025 BCX8\">Deutschland<\/span><\/span><\/p>\t\t\t\t\t\t\t\t<\/div>\n\t\t\t\t<\/div>\n\t\t\t\t<\/div>\n\t\t\t\t<div class=\"elementor-element elementor-element-7430a3c elementor-widget elementor-widget-text-editor\" data-id=\"7430a3c\" data-element_type=\"widget\" data-e-type=\"widget\" data-widget_type=\"text-editor.default\">\n\t\t\t\t<div class=\"elementor-widget-container\">\n\t\t\t\t\t\t\t\t\t<p><em>Ich verstehe, dass ich durch die Kontaktaufnahme mit Melchers der Erhebung und Verarbeitung meiner personenbezogenen Daten zum Zweck der Erbringung von Business\u2011Services gem\u00e4\u00df der DSGVO zustimme. Mir ist bewusst, dass ich meine Einwilligung jederzeit widerrufen kann.<\/em><\/p><p><em>Weitere Informationen zu unseren Datenschutzpraktiken und dazu, wie wir Ihre Privatsph\u00e4re sch\u00fctzen und respektieren, oder um Ihre Einwilligung zu widerrufen, finden Sie in unserer <a href=\"https:\/\/enable-asia.de\/privacy-policy\/\">Datenschutzerkl\u00e4rung<\/a>.<\/em><\/p>\t\t\t\t\t\t\t\t<\/div>\n\t\t\t\t<\/div>\n\t\t\t\t<\/div>\n\t\t\t\t<\/div>\n\t\t","protected":false},"excerpt":{"rendered":"<p>Kontakt Unternehmen aus der DACH\u2011Region sowie europ\u00e4ische KMU und Konzerne, die einen Markteintritt in Asien planen oder ihre bestehende Pr\u00e4senz ausbauen m\u00f6chten, profitieren von den Business\u2011Advisory\u2011Services von Melchers. Unsere erfahrenen Teams verbinden regulatorische Expertise, kaufm\u00e4nnisches Know\u2011how und kulturelles Verst\u00e4ndnis, um marktorientierte und regelkonforme Strategien zu entwickeln.\u00a0 Zu Beginn kl\u00e4ren wir gemeinsam Ihre Gesch\u00e4ftsziele und bewerten [&hellip;]<\/p>\n","protected":false},"author":9,"featured_media":0,"parent":0,"menu_order":0,"comment_status":"closed","ping_status":"closed","template":"","meta":{"_acf_changed":false,"footnotes":""},"class_list":["post-13231","page","type-page","status-publish","hentry"],"acf":[],"yoast_head":"<!-- This site is optimized with the Yoast SEO plugin v27.4 - https:\/\/yoast.com\/product\/yoast-seo-wordpress\/ -->\n<title>Kontakt | Enable Asia - Melchers<\/title>\n<meta name=\"description\" content=\"Beratung zum Markteintritt in Asien | Marktexpertise | Internationalisierung | Expansion \u25b7 Jetzt kostenlose Beratung buchen\" \/>\n<meta name=\"robots\" content=\"index, follow, max-snippet:-1, max-image-preview:large, max-video-preview:-1\" \/>\n<link rel=\"canonical\" href=\"https:\/\/enable-asia.de\/en\/contact\/\" \/>\n<meta property=\"og:locale\" content=\"en_GB\" \/>\n<meta property=\"og:type\" content=\"article\" \/>\n<meta property=\"og:title\" content=\"Kontakt | Enable Asia - Melchers\" \/>\n<meta property=\"og:description\" content=\"Beratung zum Markteintritt in Asien | Marktexpertise | Internationalisierung | Expansion \u25b7 Jetzt kostenlose Beratung buchen\" \/>\n<meta property=\"og:url\" content=\"https:\/\/enable-asia.de\/en\/contact\/\" \/>\n<meta property=\"og:site_name\" content=\"Enable Asia | Melchers\" \/>\n<meta property=\"article:modified_time\" content=\"2026-04-07T06:18:56+00:00\" \/>\n<meta name=\"twitter:card\" content=\"summary_large_image\" \/>\n<meta name=\"twitter:label1\" content=\"Estimated reading time\" \/>\n\t<meta name=\"twitter:data1\" content=\"2 minutes\" \/>\n<script type=\"application\/ld+json\" class=\"yoast-schema-graph\">{\"@context\":\"https:\\\/\\\/schema.org\",\"@graph\":[{\"@type\":\"WebPage\",\"@id\":\"https:\\\/\\\/enable-asia.de\\\/contact\\\/\",\"url\":\"https:\\\/\\\/enable-asia.de\\\/contact\\\/\",\"name\":\"Kontakt | Enable Asia - Melchers\",\"isPartOf\":{\"@id\":\"https:\\\/\\\/enable-asia.de\\\/#website\"},\"datePublished\":\"2025-12-22T07:52:03+00:00\",\"dateModified\":\"2026-04-07T06:18:56+00:00\",\"description\":\"Beratung zum Markteintritt in Asien | Marktexpertise | Internationalisierung | Expansion \u25b7 Jetzt kostenlose Beratung buchen\",\"breadcrumb\":{\"@id\":\"https:\\\/\\\/enable-asia.de\\\/contact\\\/#breadcrumb\"},\"inLanguage\":\"en-GB\",\"potentialAction\":[{\"@type\":\"ReadAction\",\"target\":[\"https:\\\/\\\/enable-asia.de\\\/contact\\\/\"]}]},{\"@type\":\"BreadcrumbList\",\"@id\":\"https:\\\/\\\/enable-asia.de\\\/contact\\\/#breadcrumb\",\"itemListElement\":[{\"@type\":\"ListItem\",\"position\":1,\"name\":\"Home\",\"item\":\"https:\\\/\\\/enable-asia.de\\\/\"},{\"@type\":\"ListItem\",\"position\":2,\"name\":\"Contact\"}]},{\"@type\":\"WebSite\",\"@id\":\"https:\\\/\\\/enable-asia.de\\\/#website\",\"url\":\"https:\\\/\\\/enable-asia.de\\\/\",\"name\":\"Enable Asia | Melchers\",\"description\":\"\",\"publisher\":{\"@id\":\"https:\\\/\\\/enable-asia.de\\\/#organization\"},\"potentialAction\":[{\"@type\":\"SearchAction\",\"target\":{\"@type\":\"EntryPoint\",\"urlTemplate\":\"https:\\\/\\\/enable-asia.de\\\/?s={search_term_string}\"},\"query-input\":{\"@type\":\"PropertyValueSpecification\",\"valueRequired\":true,\"valueName\":\"search_term_string\"}}],\"inLanguage\":\"en-GB\"},{\"@type\":\"Organization\",\"@id\":\"https:\\\/\\\/enable-asia.de\\\/#organization\",\"name\":\"Enable Asia | Melchers\",\"url\":\"https:\\\/\\\/enable-asia.de\\\/\",\"logo\":{\"@type\":\"ImageObject\",\"inLanguage\":\"en-GB\",\"@id\":\"https:\\\/\\\/enable-asia.de\\\/#\\\/schema\\\/logo\\\/image\\\/\",\"url\":\"https:\\\/\\\/enable-asia.de\\\/wp-content\\\/uploads\\\/2025\\\/05\\\/cropped-Melchers_Logo_2021_RGB_RZ.png\",\"contentUrl\":\"https:\\\/\\\/enable-asia.de\\\/wp-content\\\/uploads\\\/2025\\\/05\\\/cropped-Melchers_Logo_2021_RGB_RZ.png\",\"width\":1000,\"height\":410,\"caption\":\"Enable Asia | Melchers\"},\"image\":{\"@id\":\"https:\\\/\\\/enable-asia.de\\\/#\\\/schema\\\/logo\\\/image\\\/\"}}]}<\/script>\n<!-- \/ Yoast SEO plugin. -->","yoast_head_json":{"title":"Contact | Enable Asia - Melchers","description":"Asia market entry consultation | Market advice | Regulatory expertise | Risk mitigation \u25b7 Book a free consult with our expert today","robots":{"index":"index","follow":"follow","max-snippet":"max-snippet:-1","max-image-preview":"max-image-preview:large","max-video-preview":"max-video-preview:-1"},"canonical":"https:\/\/enable-asia.de\/en\/contact\/","og_locale":"en_GB","og_type":"article","og_title":"Kontakt | Enable Asia - Melchers","og_description":"Beratung zum Markteintritt in Asien | Marktexpertise | Internationalisierung | Expansion \u25b7 Jetzt kostenlose Beratung buchen","og_url":"https:\/\/enable-asia.de\/en\/contact\/","og_site_name":"Enable Asia | Melchers","article_modified_time":"2026-04-07T06:18:56+00:00","twitter_card":"summary_large_image","twitter_misc":{"Estimated reading time":"2 minutes"},"schema":{"@context":"https:\/\/schema.org","@graph":[{"@type":"WebPage","@id":"https:\/\/enable-asia.de\/contact\/","url":"https:\/\/enable-asia.de\/contact\/","name":"Contact | Enable Asia - Melchers","isPartOf":{"@id":"https:\/\/enable-asia.de\/#website"},"datePublished":"2025-12-22T07:52:03+00:00","dateModified":"2026-04-07T06:18:56+00:00","description":"Asia market entry consultation | Market advice | Regulatory expertise | Risk mitigation \u25b7 Book a free consult with our expert today","breadcrumb":{"@id":"https:\/\/enable-asia.de\/contact\/#breadcrumb"},"inLanguage":"en-GB","potentialAction":[{"@type":"ReadAction","target":["https:\/\/enable-asia.de\/contact\/"]}]},{"@type":"BreadcrumbList","@id":"https:\/\/enable-asia.de\/contact\/#breadcrumb","itemListElement":[{"@type":"ListItem","position":1,"name":"Home","item":"https:\/\/enable-asia.de\/"},{"@type":"ListItem","position":2,"name":"Contact"}]},{"@type":"WebSite","@id":"https:\/\/enable-asia.de\/#website","url":"https:\/\/enable-asia.de\/","name":"Enable Asia | Melchers","description":"","publisher":{"@id":"https:\/\/enable-asia.de\/#organization"},"potentialAction":[{"@type":"SearchAction","target":{"@type":"EntryPoint","urlTemplate":"https:\/\/enable-asia.de\/?s={search_term_string}"},"query-input":{"@type":"PropertyValueSpecification","valueRequired":true,"valueName":"search_term_string"}}],"inLanguage":"en-GB"},{"@type":"Organization","@id":"https:\/\/enable-asia.de\/#organization","name":"Enable Asia | Melchers","url":"https:\/\/enable-asia.de\/","logo":{"@type":"ImageObject","inLanguage":"en-GB","@id":"https:\/\/enable-asia.de\/#\/schema\/logo\/image\/","url":"https:\/\/enable-asia.de\/wp-content\/uploads\/2025\/05\/cropped-Melchers_Logo_2021_RGB_RZ.png","contentUrl":"https:\/\/enable-asia.de\/wp-content\/uploads\/2025\/05\/cropped-Melchers_Logo_2021_RGB_RZ.png","width":1000,"height":410,"caption":"Enable Asia | Melchers"},"image":{"@id":"https:\/\/enable-asia.de\/#\/schema\/logo\/image\/"}}]}},"_links":{"self":[{"href":"https:\/\/enable-asia.de\/en\/wp-json\/wp\/v2\/pages\/13231","targetHints":{"allow":["GET"]}}],"collection":[{"href":"https:\/\/enable-asia.de\/en\/wp-json\/wp\/v2\/pages"}],"about":[{"href":"https:\/\/enable-asia.de\/en\/wp-json\/wp\/v2\/types\/page"}],"author":[{"embeddable":true,"href":"https:\/\/enable-asia.de\/en\/wp-json\/wp\/v2\/users\/9"}],"replies":[{"embeddable":true,"href":"https:\/\/enable-asia.de\/en\/wp-json\/wp\/v2\/comments?post=13231"}],"version-history":[{"count":73,"href":"https:\/\/enable-asia.de\/en\/wp-json\/wp\/v2\/pages\/13231\/revisions"}],"predecessor-version":[{"id":17135,"href":"https:\/\/enable-asia.de\/en\/wp-json\/wp\/v2\/pages\/13231\/revisions\/17135"}],"wp:attachment":[{"href":"https:\/\/enable-asia.de\/en\/wp-json\/wp\/v2\/media?parent=13231"}],"curies":[{"name":"wp","href":"https:\/\/api.w.org\/{rel}","templated":true}]}}